{"id":71,"date":"2015-10-14T15:53:21","date_gmt":"2015-10-14T13:53:21","guid":{"rendered":"https:\/\/rod-relax.pl\/wp\/?page_id=71"},"modified":"2015-10-14T16:00:50","modified_gmt":"2015-10-14T14:00:50","slug":"regulamin-rod","status":"publish","type":"page","link":"https:\/\/rod-relax.pl\/wp\/regulamin-rod\/","title":{"rendered":"Regulamin ROD"},"content":{"rendered":"<p>Podczas posiedzenia KR PZD, kt\u00f3re odbywa\u0142o si\u0119 20 i\u00a021 lutego 2014\u00a0r. przyj\u0119ty zosta\u0142 Regulamin Rodzinnego Ogrodu Dzia\u0142kowego, kt\u00f3ry\u00a0obowi\u0105zuje\u00a0od 1 marca 2014\u00a0r. Warto pami\u0119ta\u0107, \u017ce\u00a0nowy Regulamin ma charakter tymczasowy. Po\u00a0przyj\u0119ciu nowego Statutu przez Krajowy Zjazd b\u0119dzie musia\u0142 powsta\u0107 nowy dokument, kt\u00f3ry\u00a0zostanie dostosowany do\u00a0jego zapis\u00f3w.<\/p>\n<p><a id=\"set-post-thumbnail\" class=\"thickbox\" title=\"Ustaw obrazek wyr\u00f3\u017cniaj\u0105cy\" href=\"https:\/\/rod-relax.pl\/wp\/wp-content\/uploads\/Dokumenty\/Regulamin_ROD.pdf\" target=\"_blank\"><img loading=\"lazy\" decoding=\"async\" class=\"attachment-266x266 alignleft\" src=\"https:\/\/rod-relax.pl\/wp\/wp-content\/uploads\/2015\/10\/ikona_plik.jpg\" alt=\"ikona_plik\" width=\"37\" height=\"36\" \/><\/a><a href=\"https:\/\/rod-relax.pl\/wp\/wp-content\/uploads\/Dokumenty\/Regulamin_ROD.pdf\" target=\"_blank\">Regulamin ROD<\/a><\/p>\n<p>&nbsp;<\/p>\n<p>1 pa\u017adziernika 2015 roku Krajowa Rada PZD uchwali\u0142a Regulamin ROD, kt\u00f3ry\u00a0wchodzi w\u00a0\u017cycie 1 stycznia 2016 roku.<\/p>\n<p><a id=\"set-post-thumbnail\" class=\"thickbox\" title=\"Ustaw obrazek wyr\u00f3\u017cniaj\u0105cy\" href=\"https:\/\/rod-relax.pl\/wp\/wp-content\/uploads\/Dokumenty\/Regulamin%20ROD%20(uchwalony%202015).pdf\" target=\"_blank\"><img loading=\"lazy\" decoding=\"async\" class=\"attachment-266x266 alignleft\" src=\"https:\/\/rod-relax.pl\/wp\/wp-content\/uploads\/2015\/10\/ikona_plik.jpg\" alt=\"ikona_plik\" width=\"37\" height=\"36\" \/><\/a><a href=\"https:\/\/rod-relax.pl\/wp\/wp-content\/uploads\/Dokumenty\/Regulamin ROD (uchwalony 2015).pdf\" target=\"_blank\">Nowy Regulamin ROD<\/a><\/p>\n","protected":false},"excerpt":{"rendered":"<p>Podczas posiedzenia KR PZD, kt\u00f3re odbywa\u0142o si\u0119 20 i\u00a021 lutego 2014\u00a0r. przyj\u0119ty zosta\u0142 Regulamin Rodzinnego Ogrodu Dzia\u0142kowego, kt\u00f3ry\u00a0obowi\u0105zuje\u00a0od 1 marca 2014\u00a0r. Warto pami\u0119ta\u0107, \u017ce\u00a0nowy Regulamin ma charakter tymczasowy. Po\u00a0przyj\u0119ciu nowego Statutu przez Krajowy Zjazd b\u0119dzie musia\u0142 powsta\u0107 nowy dokument, kt\u00f3ry\u00a0zostanie&hellip; <\/p>\n","protected":false},"author":1,"featured_media":59,"parent":0,"menu_order":0,"comment_status":"closed","ping_status":"closed","template":"","meta":{"footnotes":""},"class_list":["post-71","page","type-page","status-publish","has-post-thumbnail","hentry"],"yoast_head":"<!-- This site is optimized with the Yoast SEO plugin v27.3 - https:\/\/yoast.com\/product\/yoast-seo-wordpress\/ -->\n<title>Regulamin ROD - ROD-Relax Swarz\u0119dz<\/title>\n<meta name=\"robots\" content=\"index, follow, max-snippet:-1, max-image-preview:large, max-video-preview:-1\" \/>\n<link rel=\"canonical\" href=\"https:\/\/rod-relax.pl\/wp\/regulamin-rod\/\" \/>\n<meta property=\"og:locale\" content=\"pl_PL\" \/>\n<meta property=\"og:type\" content=\"article\" \/>\n<meta property=\"og:title\" content=\"Regulamin ROD - ROD-Relax Swarz\u0119dz\" \/>\n<meta property=\"og:description\" content=\"Podczas posiedzenia KR PZD, kt\u00f3re odbywa\u0142o si\u0119 20 i\u00a021 lutego 2014\u00a0r. przyj\u0119ty zosta\u0142 Regulamin Rodzinnego Ogrodu Dzia\u0142kowego, kt\u00f3ry\u00a0obowi\u0105zuje\u00a0od 1 marca 2014\u00a0r. Warto pami\u0119ta\u0107, \u017ce\u00a0nowy Regulamin ma charakter tymczasowy. Po\u00a0przyj\u0119ciu nowego Statutu przez Krajowy Zjazd b\u0119dzie musia\u0142 powsta\u0107 nowy dokument, kt\u00f3ry\u00a0zostanie&hellip;\" \/>\n<meta property=\"og:url\" content=\"https:\/\/rod-relax.pl\/wp\/regulamin-rod\/\" \/>\n<meta property=\"og:site_name\" content=\"ROD-Relax Swarz\u0119dz\" \/>\n<meta property=\"article:modified_time\" content=\"2015-10-14T14:00:50+00:00\" \/>\n<meta property=\"og:image\" content=\"https:\/\/rod-relax.pl\/wp\/wp-content\/uploads\/2015\/10\/ikona_plik-e1445247270327.jpg\" \/>\n\t<meta property=\"og:image:width\" content=\"30\" \/>\n\t<meta property=\"og:image:height\" content=\"29\" \/>\n\t<meta property=\"og:image:type\" content=\"image\/jpeg\" \/>\n<meta name=\"twitter:card\" content=\"summary_large_image\" \/>\n<script type=\"application\/ld+json\" class=\"yoast-schema-graph\">{\"@context\":\"https:\\\/\\\/schema.org\",\"@graph\":[{\"@type\":\"WebPage\",\"@id\":\"https:\\\/\\\/rod-relax.pl\\\/wp\\\/regulamin-rod\\\/\",\"url\":\"https:\\\/\\\/rod-relax.pl\\\/wp\\\/regulamin-rod\\\/\",\"name\":\"Regulamin ROD - ROD-Relax Swarz\u0119dz\",\"isPartOf\":{\"@id\":\"https:\\\/\\\/rod-relax.pl\\\/wp\\\/#website\"},\"primaryImageOfPage\":{\"@id\":\"https:\\\/\\\/rod-relax.pl\\\/wp\\\/regulamin-rod\\\/#primaryimage\"},\"image\":{\"@id\":\"https:\\\/\\\/rod-relax.pl\\\/wp\\\/regulamin-rod\\\/#primaryimage\"},\"thumbnailUrl\":\"https:\\\/\\\/rod-relax.pl\\\/wp\\\/wp-content\\\/uploads\\\/2015\\\/10\\\/ikona_plik-e1445247270327.jpg\",\"datePublished\":\"2015-10-14T13:53:21+00:00\",\"dateModified\":\"2015-10-14T14:00:50+00:00\",\"breadcrumb\":{\"@id\":\"https:\\\/\\\/rod-relax.pl\\\/wp\\\/regulamin-rod\\\/#breadcrumb\"},\"inLanguage\":\"pl-PL\",\"potentialAction\":[{\"@type\":\"ReadAction\",\"target\":[\"https:\\\/\\\/rod-relax.pl\\\/wp\\\/regulamin-rod\\\/\"]}]},{\"@type\":\"ImageObject\",\"inLanguage\":\"pl-PL\",\"@id\":\"https:\\\/\\\/rod-relax.pl\\\/wp\\\/regulamin-rod\\\/#primaryimage\",\"url\":\"https:\\\/\\\/rod-relax.pl\\\/wp\\\/wp-content\\\/uploads\\\/2015\\\/10\\\/ikona_plik-e1445247270327.jpg\",\"contentUrl\":\"https:\\\/\\\/rod-relax.pl\\\/wp\\\/wp-content\\\/uploads\\\/2015\\\/10\\\/ikona_plik-e1445247270327.jpg\",\"width\":30,\"height\":29},{\"@type\":\"BreadcrumbList\",\"@id\":\"https:\\\/\\\/rod-relax.pl\\\/wp\\\/regulamin-rod\\\/#breadcrumb\",\"itemListElement\":[{\"@type\":\"ListItem\",\"position\":1,\"name\":\"Strona g\u0142\u00f3wna\",\"item\":\"https:\\\/\\\/rod-relax.pl\\\/wp\\\/\"},{\"@type\":\"ListItem\",\"position\":2,\"name\":\"Regulamin ROD\"}]},{\"@type\":\"WebSite\",\"@id\":\"https:\\\/\\\/rod-relax.pl\\\/wp\\\/#website\",\"url\":\"https:\\\/\\\/rod-relax.pl\\\/wp\\\/\",\"name\":\"ROD-Relax Swarz\u0119dz\",\"description\":\"Rodzinny Ogr\u00f3d Dzia\u0142kowy w Swarz\u0119dzu\",\"publisher\":{\"@id\":\"https:\\\/\\\/rod-relax.pl\\\/wp\\\/#organization\"},\"potentialAction\":[{\"@type\":\"SearchAction\",\"target\":{\"@type\":\"EntryPoint\",\"urlTemplate\":\"https:\\\/\\\/rod-relax.pl\\\/wp\\\/?s={search_term_string}\"},\"query-input\":{\"@type\":\"PropertyValueSpecification\",\"valueRequired\":true,\"valueName\":\"search_term_string\"}}],\"inLanguage\":\"pl-PL\"},{\"@type\":\"Organization\",\"@id\":\"https:\\\/\\\/rod-relax.pl\\\/wp\\\/#organization\",\"name\":\"Rodzinny Ogr\u00f3d Dzia\u0142kowy Relax Swarz\u0119dz\",\"url\":\"https:\\\/\\\/rod-relax.pl\\\/wp\\\/\",\"logo\":{\"@type\":\"ImageObject\",\"inLanguage\":\"pl-PL\",\"@id\":\"https:\\\/\\\/rod-relax.pl\\\/wp\\\/#\\\/schema\\\/logo\\\/image\\\/\",\"url\":\"https:\\\/\\\/rod-relax.pl\\\/wp\\\/wp-content\\\/uploads\\\/2016\\\/10\\\/naglowek1-e1586106396742.jpg\",\"contentUrl\":\"https:\\\/\\\/rod-relax.pl\\\/wp\\\/wp-content\\\/uploads\\\/2016\\\/10\\\/naglowek1-e1586106396742.jpg\",\"width\":1500,\"height\":290,\"caption\":\"Rodzinny Ogr\u00f3d Dzia\u0142kowy Relax Swarz\u0119dz\"},\"image\":{\"@id\":\"https:\\\/\\\/rod-relax.pl\\\/wp\\\/#\\\/schema\\\/logo\\\/image\\\/\"}}]}<\/script>\n<!-- \/ Yoast SEO plugin. -->","yoast_head_json":{"title":"Regulamin ROD - ROD-Relax Swarz\u0119dz","robots":{"index":"index","follow":"follow","max-snippet":"max-snippet:-1","max-image-preview":"max-image-preview:large","max-video-preview":"max-video-preview:-1"},"canonical":"https:\/\/rod-relax.pl\/wp\/regulamin-rod\/","og_locale":"pl_PL","og_type":"article","og_title":"Regulamin ROD - ROD-Relax Swarz\u0119dz","og_description":"Podczas posiedzenia KR PZD, kt\u00f3re odbywa\u0142o si\u0119 20 i\u00a021 lutego 2014\u00a0r. przyj\u0119ty zosta\u0142 Regulamin Rodzinnego Ogrodu Dzia\u0142kowego, kt\u00f3ry\u00a0obowi\u0105zuje\u00a0od 1 marca 2014\u00a0r. Warto pami\u0119ta\u0107, \u017ce\u00a0nowy Regulamin ma charakter tymczasowy. Po\u00a0przyj\u0119ciu nowego Statutu przez Krajowy Zjazd b\u0119dzie musia\u0142 powsta\u0107 nowy dokument, kt\u00f3ry\u00a0zostanie&hellip;","og_url":"https:\/\/rod-relax.pl\/wp\/regulamin-rod\/","og_site_name":"ROD-Relax Swarz\u0119dz","article_modified_time":"2015-10-14T14:00:50+00:00","og_image":[{"width":30,"height":29,"url":"https:\/\/rod-relax.pl\/wp\/wp-content\/uploads\/2015\/10\/ikona_plik-e1445247270327.jpg","type":"image\/jpeg"}],"twitter_card":"summary_large_image","schema":{"@context":"https:\/\/schema.org","@graph":[{"@type":"WebPage","@id":"https:\/\/rod-relax.pl\/wp\/regulamin-rod\/","url":"https:\/\/rod-relax.pl\/wp\/regulamin-rod\/","name":"Regulamin ROD - ROD-Relax Swarz\u0119dz","isPartOf":{"@id":"https:\/\/rod-relax.pl\/wp\/#website"},"primaryImageOfPage":{"@id":"https:\/\/rod-relax.pl\/wp\/regulamin-rod\/#primaryimage"},"image":{"@id":"https:\/\/rod-relax.pl\/wp\/regulamin-rod\/#primaryimage"},"thumbnailUrl":"https:\/\/rod-relax.pl\/wp\/wp-content\/uploads\/2015\/10\/ikona_plik-e1445247270327.jpg","datePublished":"2015-10-14T13:53:21+00:00","dateModified":"2015-10-14T14:00:50+00:00","breadcrumb":{"@id":"https:\/\/rod-relax.pl\/wp\/regulamin-rod\/#breadcrumb"},"inLanguage":"pl-PL","potentialAction":[{"@type":"ReadAction","target":["https:\/\/rod-relax.pl\/wp\/regulamin-rod\/"]}]},{"@type":"ImageObject","inLanguage":"pl-PL","@id":"https:\/\/rod-relax.pl\/wp\/regulamin-rod\/#primaryimage","url":"https:\/\/rod-relax.pl\/wp\/wp-content\/uploads\/2015\/10\/ikona_plik-e1445247270327.jpg","contentUrl":"https:\/\/rod-relax.pl\/wp\/wp-content\/uploads\/2015\/10\/ikona_plik-e1445247270327.jpg","width":30,"height":29},{"@type":"BreadcrumbList","@id":"https:\/\/rod-relax.pl\/wp\/regulamin-rod\/#breadcrumb","itemListElement":[{"@type":"ListItem","position":1,"name":"Strona g\u0142\u00f3wna","item":"https:\/\/rod-relax.pl\/wp\/"},{"@type":"ListItem","position":2,"name":"Regulamin ROD"}]},{"@type":"WebSite","@id":"https:\/\/rod-relax.pl\/wp\/#website","url":"https:\/\/rod-relax.pl\/wp\/","name":"ROD-Relax Swarz\u0119dz","description":"Rodzinny Ogr\u00f3d Dzia\u0142kowy w Swarz\u0119dzu","publisher":{"@id":"https:\/\/rod-relax.pl\/wp\/#organization"},"potentialAction":[{"@type":"SearchAction","target":{"@type":"EntryPoint","urlTemplate":"https:\/\/rod-relax.pl\/wp\/?s={search_term_string}"},"query-input":{"@type":"PropertyValueSpecification","valueRequired":true,"valueName":"search_term_string"}}],"inLanguage":"pl-PL"},{"@type":"Organization","@id":"https:\/\/rod-relax.pl\/wp\/#organization","name":"Rodzinny Ogr\u00f3d Dzia\u0142kowy Relax Swarz\u0119dz","url":"https:\/\/rod-relax.pl\/wp\/","logo":{"@type":"ImageObject","inLanguage":"pl-PL","@id":"https:\/\/rod-relax.pl\/wp\/#\/schema\/logo\/image\/","url":"https:\/\/rod-relax.pl\/wp\/wp-content\/uploads\/2016\/10\/naglowek1-e1586106396742.jpg","contentUrl":"https:\/\/rod-relax.pl\/wp\/wp-content\/uploads\/2016\/10\/naglowek1-e1586106396742.jpg","width":1500,"height":290,"caption":"Rodzinny Ogr\u00f3d Dzia\u0142kowy Relax Swarz\u0119dz"},"image":{"@id":"https:\/\/rod-relax.pl\/wp\/#\/schema\/logo\/image\/"}}]}},"_links":{"self":[{"href":"https:\/\/rod-relax.pl\/wp\/wp-json\/wp\/v2\/pages\/71","targetHints":{"allow":["GET"]}}],"collection":[{"href":"https:\/\/rod-relax.pl\/wp\/wp-json\/wp\/v2\/pages"}],"about":[{"href":"https:\/\/rod-relax.pl\/wp\/wp-json\/wp\/v2\/types\/page"}],"author":[{"embeddable":true,"href":"https:\/\/rod-relax.pl\/wp\/wp-json\/wp\/v2\/users\/1"}],"replies":[{"embeddable":true,"href":"https:\/\/rod-relax.pl\/wp\/wp-json\/wp\/v2\/comments?post=71"}],"version-history":[{"count":5,"href":"https:\/\/rod-relax.pl\/wp\/wp-json\/wp\/v2\/pages\/71\/revisions"}],"predecessor-version":[{"id":76,"href":"https:\/\/rod-relax.pl\/wp\/wp-json\/wp\/v2\/pages\/71\/revisions\/76"}],"wp:featuredmedia":[{"embeddable":true,"href":"https:\/\/rod-relax.pl\/wp\/wp-json\/wp\/v2\/media\/59"}],"wp:attachment":[{"href":"https:\/\/rod-relax.pl\/wp\/wp-json\/wp\/v2\/media?parent=71"}],"curies":[{"name":"wp","href":"https:\/\/api.w.org\/{rel}","templated":true}]}}